{"id":298,"date":"2025-04-23T17:55:02","date_gmt":"2025-04-23T15:55:02","guid":{"rendered":"https:\/\/city.refin.com\/schede-di-sicurezza-sds\/"},"modified":"2025-06-10T15:57:27","modified_gmt":"2025-06-10T13:57:27","slug":"fiche-donnees-securite-city","status":"publish","type":"page","link":"https:\/\/city.refin.com\/fr\/fiche-donnees-securite-city\/","title":{"rendered":"Fiche de Donn\u00e9es de S\u00e9curit\u00e9"},"content":{"rendered":"<p>Les op\u00e9rations de transformation du gr\u00e8s c\u00e9rame, telles que la d\u00e9coupe, peuvent g\u00e9n\u00e9rer de la poussi\u00e8re de silice cristalline respirable. Pour garantir un environnement de travail s\u00fbr, il est essentiel d\u2019adopter les mesures de protection requises par la r\u00e9glementation applicable. Il est recommand\u00e9 de consulter les autorit\u00e9s comp\u00e9tentes et de se r\u00e9f\u00e9rer \u00e0 la <strong>Fiche de Donn\u00e9es de S\u00e9curit\u00e9<\/strong>.<br \/>\nIl incombe \u00e0 l\u2019employeur de mettre en place les mesures appropri\u00e9es en fonction des conditions sp\u00e9cifiques du lieu de travail.  <\/p>\n<table class=\"table table-certifications\">\n<tbody>\n<tr style=\"height: 61px;\">\n<td style=\"width: 80.8893%; height: 61px;\">Fiche de Donn\u00e9es de S\u00e9curit\u00e9 (FDS) pour le gr\u00e8s c\u00e8rame<\/td>\n<td class=\"text-right cta\" style=\"width: 89.7736%; height: 61px;\"><a class=\"btn btn-dark\" href=\"https:\/\/city.refin.com\/wp-content\/uploads\/2025\/04\/city-sds-porcelain-tiles.pdf\" target=\"_blank\" rel=\"noopener\">T\u00e9l\u00e9charger<\/a><\/td>\n<\/tr>\n<\/tbody>\n<\/table>\n","protected":false},"excerpt":{"rendered":"<p>Les op\u00e9rations de transformation du gr\u00e8s c\u00e9rame, telles que la d\u00e9coupe, peuvent g\u00e9n\u00e9rer de la poussi\u00e8re de silice cristalline respirable. Pour garantir un environnement de travail s\u00fbr, il est essentiel d\u2019adopter les mesures de protection requises par la r\u00e9glementation applicable. Il est recommand\u00e9 de consulter les autorit\u00e9s comp\u00e9tentes et de se r\u00e9f\u00e9rer \u00e0 la Fiche [&hellip;]<\/p>\n","protected":false},"author":1,"featured_media":0,"parent":0,"menu_order":0,"comment_status":"closed","ping_status":"closed","template":"custom_template.php","meta":{"_acf_changed":false,"footnotes":""},"tags":[],"class_list":["post-298","page","type-page","status-publish","hentry"],"acf":[],"yoast_head":"<!-- This site is optimized with the Yoast SEO plugin v26.3 - https:\/\/yoast.com\/wordpress\/plugins\/seo\/ -->\n<title>Fiche de Donn\u00e9es de S\u00e9curit\u00e9 - city.refin.com<\/title>\n<meta name=\"robots\" content=\"index, follow, max-snippet:-1, max-image-preview:large, max-video-preview:-1\" \/>\n<link rel=\"canonical\" href=\"https:\/\/city.refin.com\/fr\/fiche-donnees-securite-city\/\" \/>\n<meta property=\"og:locale\" content=\"fr_FR\" \/>\n<meta property=\"og:type\" content=\"article\" \/>\n<meta property=\"og:title\" content=\"Fiche de Donn\u00e9es de S\u00e9curit\u00e9 - city.refin.com\" \/>\n<meta property=\"og:description\" content=\"Les op\u00e9rations de transformation du gr\u00e8s c\u00e9rame, telles que la d\u00e9coupe, peuvent g\u00e9n\u00e9rer de la poussi\u00e8re de silice cristalline respirable. Pour garantir un environnement de travail s\u00fbr, il est essentiel d\u2019adopter les mesures de protection requises par la r\u00e9glementation applicable. Il est recommand\u00e9 de consulter les autorit\u00e9s comp\u00e9tentes et de se r\u00e9f\u00e9rer \u00e0 la Fiche [&hellip;]\" \/>\n<meta property=\"og:url\" content=\"https:\/\/city.refin.com\/fr\/fiche-donnees-securite-city\/\" \/>\n<meta property=\"og:site_name\" content=\"city.refin.com\" \/>\n<meta property=\"article:modified_time\" content=\"2025-06-10T13:57:27+00:00\" \/>\n<meta name=\"twitter:card\" content=\"summary_large_image\" \/>\n<meta name=\"twitter:label1\" content=\"Dur\u00e9e de lecture estim\u00e9e\" \/>\n\t<meta name=\"twitter:data1\" content=\"1 minute\" \/>\n<script type=\"application\/ld+json\" class=\"yoast-schema-graph\">{\"@context\":\"https:\/\/schema.org\",\"@graph\":[{\"@type\":\"WebPage\",\"@id\":\"https:\/\/city.refin.com\/fr\/fiche-donnees-securite-city\/\",\"url\":\"https:\/\/city.refin.com\/fr\/fiche-donnees-securite-city\/\",\"name\":\"Fiche de Donn\u00e9es de S\u00e9curit\u00e9 - city.refin.com\",\"isPartOf\":{\"@id\":\"https:\/\/city.refin.com\/fr\/#website\"},\"datePublished\":\"2025-04-23T15:55:02+00:00\",\"dateModified\":\"2025-06-10T13:57:27+00:00\",\"breadcrumb\":{\"@id\":\"https:\/\/city.refin.com\/fr\/fiche-donnees-securite-city\/#breadcrumb\"},\"inLanguage\":\"fr-FR\",\"potentialAction\":[{\"@type\":\"ReadAction\",\"target\":[\"https:\/\/city.refin.com\/fr\/fiche-donnees-securite-city\/\"]}]},{\"@type\":\"BreadcrumbList\",\"@id\":\"https:\/\/city.refin.com\/fr\/fiche-donnees-securite-city\/#breadcrumb\",\"itemListElement\":[{\"@type\":\"ListItem\",\"position\":1,\"name\":\"Home\",\"item\":\"https:\/\/city.refin.com\/fr\/city-refin\/\"},{\"@type\":\"ListItem\",\"position\":2,\"name\":\"Fiche de Donn\u00e9es de S\u00e9curit\u00e9\"}]},{\"@type\":\"WebSite\",\"@id\":\"https:\/\/city.refin.com\/fr\/#website\",\"url\":\"https:\/\/city.refin.com\/fr\/\",\"name\":\"city.refin.com\",\"description\":\"\",\"potentialAction\":[{\"@type\":\"SearchAction\",\"target\":{\"@type\":\"EntryPoint\",\"urlTemplate\":\"https:\/\/city.refin.com\/fr\/?s={search_term_string}\"},\"query-input\":{\"@type\":\"PropertyValueSpecification\",\"valueRequired\":true,\"valueName\":\"search_term_string\"}}],\"inLanguage\":\"fr-FR\"}]}<\/script>\n<!-- \/ Yoast SEO plugin. -->","yoast_head_json":{"title":"Fiche de Donn\u00e9es de S\u00e9curit\u00e9 - city.refin.com","robots":{"index":"index","follow":"follow","max-snippet":"max-snippet:-1","max-image-preview":"max-image-preview:large","max-video-preview":"max-video-preview:-1"},"canonical":"https:\/\/city.refin.com\/fr\/fiche-donnees-securite-city\/","og_locale":"fr_FR","og_type":"article","og_title":"Fiche de Donn\u00e9es de S\u00e9curit\u00e9 - city.refin.com","og_description":"Les op\u00e9rations de transformation du gr\u00e8s c\u00e9rame, telles que la d\u00e9coupe, peuvent g\u00e9n\u00e9rer de la poussi\u00e8re de silice cristalline respirable. Pour garantir un environnement de travail s\u00fbr, il est essentiel d\u2019adopter les mesures de protection requises par la r\u00e9glementation applicable. Il est recommand\u00e9 de consulter les autorit\u00e9s comp\u00e9tentes et de se r\u00e9f\u00e9rer \u00e0 la Fiche [&hellip;]","og_url":"https:\/\/city.refin.com\/fr\/fiche-donnees-securite-city\/","og_site_name":"city.refin.com","article_modified_time":"2025-06-10T13:57:27+00:00","twitter_card":"summary_large_image","twitter_misc":{"Dur\u00e9e de lecture estim\u00e9e":"1 minute"},"schema":{"@context":"https:\/\/schema.org","@graph":[{"@type":"WebPage","@id":"https:\/\/city.refin.com\/fr\/fiche-donnees-securite-city\/","url":"https:\/\/city.refin.com\/fr\/fiche-donnees-securite-city\/","name":"Fiche de Donn\u00e9es de S\u00e9curit\u00e9 - city.refin.com","isPartOf":{"@id":"https:\/\/city.refin.com\/fr\/#website"},"datePublished":"2025-04-23T15:55:02+00:00","dateModified":"2025-06-10T13:57:27+00:00","breadcrumb":{"@id":"https:\/\/city.refin.com\/fr\/fiche-donnees-securite-city\/#breadcrumb"},"inLanguage":"fr-FR","potentialAction":[{"@type":"ReadAction","target":["https:\/\/city.refin.com\/fr\/fiche-donnees-securite-city\/"]}]},{"@type":"BreadcrumbList","@id":"https:\/\/city.refin.com\/fr\/fiche-donnees-securite-city\/#breadcrumb","itemListElement":[{"@type":"ListItem","position":1,"name":"Home","item":"https:\/\/city.refin.com\/fr\/city-refin\/"},{"@type":"ListItem","position":2,"name":"Fiche de Donn\u00e9es de S\u00e9curit\u00e9"}]},{"@type":"WebSite","@id":"https:\/\/city.refin.com\/fr\/#website","url":"https:\/\/city.refin.com\/fr\/","name":"city.refin.com","description":"","potentialAction":[{"@type":"SearchAction","target":{"@type":"EntryPoint","urlTemplate":"https:\/\/city.refin.com\/fr\/?s={search_term_string}"},"query-input":{"@type":"PropertyValueSpecification","valueRequired":true,"valueName":"search_term_string"}}],"inLanguage":"fr-FR"}]}},"_links":{"self":[{"href":"https:\/\/city.refin.com\/fr\/wp-json\/wp\/v2\/pages\/298","targetHints":{"allow":["GET"]}}],"collection":[{"href":"https:\/\/city.refin.com\/fr\/wp-json\/wp\/v2\/pages"}],"about":[{"href":"https:\/\/city.refin.com\/fr\/wp-json\/wp\/v2\/types\/page"}],"author":[{"embeddable":true,"href":"https:\/\/city.refin.com\/fr\/wp-json\/wp\/v2\/users\/1"}],"replies":[{"embeddable":true,"href":"https:\/\/city.refin.com\/fr\/wp-json\/wp\/v2\/comments?post=298"}],"version-history":[{"count":3,"href":"https:\/\/city.refin.com\/fr\/wp-json\/wp\/v2\/pages\/298\/revisions"}],"predecessor-version":[{"id":314,"href":"https:\/\/city.refin.com\/fr\/wp-json\/wp\/v2\/pages\/298\/revisions\/314"}],"wp:attachment":[{"href":"https:\/\/city.refin.com\/fr\/wp-json\/wp\/v2\/media?parent=298"}],"wp:term":[{"taxonomy":"post_tag","embeddable":true,"href":"https:\/\/city.refin.com\/fr\/wp-json\/wp\/v2\/tags?post=298"}],"curies":[{"name":"wp","href":"https:\/\/api.w.org\/{rel}","templated":true}]}}