{"id":296,"date":"2025-04-23T18:46:31","date_gmt":"2025-04-23T16:46:31","guid":{"rendered":"https:\/\/city.refin.com\/certificazioni\/"},"modified":"2026-02-24T18:09:20","modified_gmt":"2026-02-24T17:09:20","slug":"certificazioni","status":"publish","type":"page","link":"https:\/\/city.refin.com\/fr\/certificazioni\/","title":{"rendered":"Certifications"},"content":{"rendered":"<h2>Les normes CEN (Comit\u00e9 Europ\u00e9en de Normalisation)<\/h2>\n<p>Les normes CEN contenues dans le document \u00ab\u00a0NORMES EUROPEENNES &#8211; PROJET FINAL prEN 14411, avril 2002\u00a0\u00bb remplacent toutes les normes ant\u00e9rieures en la mati\u00e8re ; bien qu&rsquo;elles n&rsquo;aient pas force de loi, elles assument la valeur de r\u00e9f\u00e9rence dans les \u00e9ventuels litiges et contestations. Ces normes sont accept\u00e9es par les pays membres du CEN suivants : Autriche, Belgique, Danemark, Finlande, France, Allemagne, Grande-Bretagne, Gr\u00e8ce, Irlande, Islande, Italie, Luxembourg, Malte, Pays-Bas, Norv\u00e8ge, Portugal, R\u00e9publique tch\u00e8que, Espagne, Su\u00e8de, Suisse.<br \/>\n<strong><a href=\"\/\">Ceramiche Refin<\/a><\/strong> S.p.A. garantit ses produits conform\u00e9ment \u00e0 la norme UNI EN 14411 &#8211; ISO 13006. Les r\u00e9glementations nationales ou locales autres que celles mentionn\u00e9es ci-dessus doivent \u00eatre autoris\u00e9es par Ceramiche Refin S.p.A.<\/p>\n<p>&nbsp;<\/p>\n<table class=\"table table-certifications\">\n<tbody>\n<tr>\n<td class=\"logo text-center\"><img loading=\"lazy\" decoding=\"async\" src=\"https:\/\/www.refin.it\/files\/2010\/05\/ico_iso9001.gif\" alt=\"ISO 9001\" width=\"60\" height=\"56\" \/><\/td>\n<td>ISO 9001<\/td>\n<td class=\"text-right cta\"><a class=\"btn btn-dark\" href=\"https:\/\/www.refin.it\/wp-content\/uploads\/2024\/12\/iso9001.pdf\" target=\"_blank\" rel=\"noopener noreferrer\">T\u00e9l\u00e9charger<\/a><\/td>\n<\/tr>\n<tr>\n<td class=\"logo text-center w-25\"><img loading=\"lazy\" decoding=\"async\" src=\"https:\/\/www.refin.it\/download\/certifications\/refin-well.png\" alt=\"ISO 14001\" width=\"60\" height=\"58\" \/><\/td>\n<td>ISO 14001<\/td>\n<td class=\"text-right cta\"><a class=\"btn btn-dark\" href=\"https:\/\/city.refin.com\/wp-content\/uploads\/2026\/02\/REFIN_ISO-14001_ENG_2026.pdf\" target=\"_blank\" rel=\"noopener noreferrer\">T\u00e9l\u00e9charger<\/a><\/td>\n<\/tr>\n<tr>\n<td class=\"logo text-center\"><img decoding=\"async\" src=\"https:\/\/www.refin.it\/download\/certifications\/refin-well.png\" alt=\"ISO 14021\" width=\"60\" \/><\/td>\n<td>ISO 14021<\/td>\n<td class=\"text-right cta\"><a class=\"btn btn-dark\" href=\"https:\/\/www.refin.it\/wp-content\/uploads\/2024\/12\/REFIN-ISO-14021-DECLARATION.pdf\" target=\"_blank\" rel=\"noopener\">T\u00e9l\u00e9charger<\/a><\/td>\n<\/tr>\n<tr>\n<td class=\"logo text-center\"><img decoding=\"async\" src=\"https:\/\/www.refin.it\/download\/certifications\/refin-well.png\" alt=\"ISO 14021\" width=\"60\" \/><\/td>\n<td>ISO 17889<\/td>\n<td class=\"text-right cta\"><a class=\"btn btn-dark\" href=\"https:\/\/city.refin.com\/wp-content\/uploads\/2026\/02\/CITY_ISO-177889.pdf\" target=\"_blank\" rel=\"noopener\">T\u00e9l\u00e9charger<\/a><\/td>\n<\/tr>\n<tr>\n<td class=\"logo text-center\"><img decoding=\"async\" src=\"https:\/\/www.refin.it\/download\/certifications\/saso-saudi-arabia-logo.png\" alt=\"SASO Quality Mark Logo\" width=\"60\" \/><\/td>\n<td>ISO 17889<\/td>\n<td class=\"text-right cta\"><a class=\"btn btn-dark\" href=\"https:\/\/city.refin.com\/wp-content\/uploads\/2026\/02\/REFIN_SASO-2025.pdf\" target=\"_blank\" rel=\"noopener\">T\u00e9l\u00e9charger<\/a><\/td>\n<\/tr>\n<tr>\n<td class=\"logo text-center\"><img decoding=\"async\" src=\"https:\/\/www.refin.it\/wp-content\/uploads\/2018\/05\/QB_UPEC.png\" alt=\"UPEC\" width=\"60\" \/><\/td>\n<td>UPEC<\/td>\n<td class=\"text-right cta\"><a class=\"btn btn-dark\" href=\"https:\/\/database.cstb.fr\/fr-fr\/CertificateDetails\/QB32-62d8ec9ff57486db7a8f5322\" target=\"_blank\" rel=\"noopener\">Plus d&rsquo;infos<\/a><\/td>\n<\/tr>\n<tr>\n<td class=\"logo text-center\"><img decoding=\"async\" src=\"https:\/\/www.refin.it\/wp-content\/uploads\/2018\/05\/upec f+.jpg\" alt=\"UPEC F+\" width=\"60\" \/><\/td>\n<td>UPEC F+<\/td>\n<td class=\"text-right cta\"><a class=\"btn btn-dark\" href=\"https:\/\/database.cstb.fr\/fr-fr\/CertificateDetails\/QB32-62d8ec9ff57486db7a8f5323#\" target=\"_blank\" rel=\"noopener\">Plus d&rsquo;infos<\/a><\/td>\n<\/tr>\n<tr>\n<td class=\"logo text-center\"><\/td>\n<td>EPD \u2013 D\u00e9claration Environnementale Produit 8mm<\/td>\n<td class=\"text-right cta\"><a class=\"btn btn-dark\" href=\"https:\/\/city.refin.com\/wp-content\/uploads\/2025\/06\/EPD-Refin-City-8-mm-thick.pdf\" target=\"_blank\" rel=\"noopener noreferrer\">T\u00e9l\u00e9charger<\/a><\/td>\n<\/tr>\n<tr>\n<td class=\"logo text-center\"><\/td>\n<td>EPD \u2013 D\u00e9claration Environnementale Produit 8.5mm<\/td>\n<td class=\"text-right cta\"><a class=\"btn btn-dark\" href=\"https:\/\/city.refin.com\/wp-content\/uploads\/2025\/06\/EPD-Refin-City-8.5-mm-thick.pdf\" target=\"_blank\" rel=\"noopener noreferrer\">T\u00e9l\u00e9charger<\/a><\/td>\n<\/tr>\n<tr>\n<td class=\"logo text-center\"><\/td>\n<td>LEED \u2013 Leadership in Energy and Environmental Design<\/td>\n<td class=\"text-right cta\"><a class=\"btn btn-dark\" href=\"https:\/\/city.refin.com\/wp-content\/uploads\/2026\/02\/CITY_LEED_certificate.pdf\" target=\"_blank\" rel=\"noopener noreferrer\">T\u00e9l\u00e9charger<\/a><\/td>\n<\/tr>\n<tr>\n<td class=\"logo text-center\"><\/td>\n<td>CAM<\/td>\n<td class=\"text-right cta\"><a class=\"btn btn-dark\" href=\"https:\/\/city.refin.com\/wp-content\/uploads\/2026\/02\/REFIN_CAM_2024.pdf\" target=\"_blank\" rel=\"noopener noreferrer\">Scarica<\/a><\/td>\n<\/tr>\n<tr>\n<td class=\"logo text-center\"><\/td>\n<td>PEF &#8211; Product Environmental Footprint<\/td>\n<td class=\"text-right cta\"><a class=\"btn btn-dark\" href=\"https:\/\/city.refin.com\/wp-content\/uploads\/2026\/02\/PEF.pdf\" target=\"_blank\" rel=\"noopener noreferrer\">Scarica<\/a><\/td>\n<\/tr>\n<\/tbody>\n<\/table>\n","protected":false},"excerpt":{"rendered":"<p>Les normes CEN (Comit\u00e9 Europ\u00e9en de Normalisation) Les normes CEN contenues dans le document \u00ab\u00a0NORMES EUROPEENNES &#8211; PROJET FINAL prEN 14411, avril 2002\u00a0\u00bb remplacent toutes les normes ant\u00e9rieures en la mati\u00e8re ; bien qu&rsquo;elles n&rsquo;aient pas force de loi, elles assument la valeur de r\u00e9f\u00e9rence dans les \u00e9ventuels litiges et contestations. Ces normes sont accept\u00e9es [&hellip;]<\/p>\n","protected":false},"author":1,"featured_media":0,"parent":0,"menu_order":0,"comment_status":"closed","ping_status":"closed","template":"custom_template.php","meta":{"_acf_changed":false,"footnotes":""},"tags":[],"class_list":["post-296","page","type-page","status-publish","hentry"],"acf":[],"yoast_head":"<!-- This site is optimized with the Yoast SEO plugin v26.3 - https:\/\/yoast.com\/wordpress\/plugins\/seo\/ -->\n<title>Certifications - city.refin.com<\/title>\n<meta name=\"robots\" content=\"index, follow, max-snippet:-1, max-image-preview:large, max-video-preview:-1\" \/>\n<link rel=\"canonical\" href=\"https:\/\/city.refin.com\/fr\/certificazioni\/\" \/>\n<meta property=\"og:locale\" content=\"fr_FR\" \/>\n<meta property=\"og:type\" content=\"article\" \/>\n<meta property=\"og:title\" content=\"Certifications - city.refin.com\" \/>\n<meta property=\"og:description\" content=\"Les normes CEN (Comit\u00e9 Europ\u00e9en de Normalisation) Les normes CEN contenues dans le document \u00ab\u00a0NORMES EUROPEENNES &#8211; PROJET FINAL prEN 14411, avril 2002\u00a0\u00bb remplacent toutes les normes ant\u00e9rieures en la mati\u00e8re ; bien qu&rsquo;elles n&rsquo;aient pas force de loi, elles assument la valeur de r\u00e9f\u00e9rence dans les \u00e9ventuels litiges et contestations. Ces normes sont accept\u00e9es [&hellip;]\" \/>\n<meta property=\"og:url\" content=\"https:\/\/city.refin.com\/fr\/certificazioni\/\" \/>\n<meta property=\"og:site_name\" content=\"city.refin.com\" \/>\n<meta property=\"article:modified_time\" content=\"2026-02-24T17:09:20+00:00\" \/>\n<meta property=\"og:image\" content=\"https:\/\/www.refin.it\/files\/2010\/05\/ico_iso9001.gif\" \/>\n<meta name=\"twitter:card\" content=\"summary_large_image\" \/>\n<meta name=\"twitter:label1\" content=\"Dur\u00e9e de lecture estim\u00e9e\" \/>\n\t<meta name=\"twitter:data1\" content=\"3 minutes\" \/>\n<script type=\"application\/ld+json\" class=\"yoast-schema-graph\">{\"@context\":\"https:\/\/schema.org\",\"@graph\":[{\"@type\":\"WebPage\",\"@id\":\"https:\/\/city.refin.com\/fr\/certificazioni\/\",\"url\":\"https:\/\/city.refin.com\/fr\/certificazioni\/\",\"name\":\"Certifications - city.refin.com\",\"isPartOf\":{\"@id\":\"https:\/\/city.refin.com\/fr\/#website\"},\"primaryImageOfPage\":{\"@id\":\"https:\/\/city.refin.com\/fr\/certificazioni\/#primaryimage\"},\"image\":{\"@id\":\"https:\/\/city.refin.com\/fr\/certificazioni\/#primaryimage\"},\"thumbnailUrl\":\"https:\/\/www.refin.it\/files\/2010\/05\/ico_iso9001.gif\",\"datePublished\":\"2025-04-23T16:46:31+00:00\",\"dateModified\":\"2026-02-24T17:09:20+00:00\",\"breadcrumb\":{\"@id\":\"https:\/\/city.refin.com\/fr\/certificazioni\/#breadcrumb\"},\"inLanguage\":\"fr-FR\",\"potentialAction\":[{\"@type\":\"ReadAction\",\"target\":[\"https:\/\/city.refin.com\/fr\/certificazioni\/\"]}]},{\"@type\":\"ImageObject\",\"inLanguage\":\"fr-FR\",\"@id\":\"https:\/\/city.refin.com\/fr\/certificazioni\/#primaryimage\",\"url\":\"https:\/\/www.refin.it\/files\/2010\/05\/ico_iso9001.gif\",\"contentUrl\":\"https:\/\/www.refin.it\/files\/2010\/05\/ico_iso9001.gif\"},{\"@type\":\"BreadcrumbList\",\"@id\":\"https:\/\/city.refin.com\/fr\/certificazioni\/#breadcrumb\",\"itemListElement\":[{\"@type\":\"ListItem\",\"position\":1,\"name\":\"Home\",\"item\":\"https:\/\/city.refin.com\/fr\/city-refin\/\"},{\"@type\":\"ListItem\",\"position\":2,\"name\":\"Certifications\"}]},{\"@type\":\"WebSite\",\"@id\":\"https:\/\/city.refin.com\/fr\/#website\",\"url\":\"https:\/\/city.refin.com\/fr\/\",\"name\":\"city.refin.com\",\"description\":\"\",\"potentialAction\":[{\"@type\":\"SearchAction\",\"target\":{\"@type\":\"EntryPoint\",\"urlTemplate\":\"https:\/\/city.refin.com\/fr\/?s={search_term_string}\"},\"query-input\":{\"@type\":\"PropertyValueSpecification\",\"valueRequired\":true,\"valueName\":\"search_term_string\"}}],\"inLanguage\":\"fr-FR\"}]}<\/script>\n<!-- \/ Yoast SEO plugin. -->","yoast_head_json":{"title":"Certifications - city.refin.com","robots":{"index":"index","follow":"follow","max-snippet":"max-snippet:-1","max-image-preview":"max-image-preview:large","max-video-preview":"max-video-preview:-1"},"canonical":"https:\/\/city.refin.com\/fr\/certificazioni\/","og_locale":"fr_FR","og_type":"article","og_title":"Certifications - city.refin.com","og_description":"Les normes CEN (Comit\u00e9 Europ\u00e9en de Normalisation) Les normes CEN contenues dans le document \u00ab\u00a0NORMES EUROPEENNES &#8211; PROJET FINAL prEN 14411, avril 2002\u00a0\u00bb remplacent toutes les normes ant\u00e9rieures en la mati\u00e8re ; bien qu&rsquo;elles n&rsquo;aient pas force de loi, elles assument la valeur de r\u00e9f\u00e9rence dans les \u00e9ventuels litiges et contestations. Ces normes sont accept\u00e9es [&hellip;]","og_url":"https:\/\/city.refin.com\/fr\/certificazioni\/","og_site_name":"city.refin.com","article_modified_time":"2026-02-24T17:09:20+00:00","og_image":[{"url":"https:\/\/www.refin.it\/files\/2010\/05\/ico_iso9001.gif","type":"","width":"","height":""}],"twitter_card":"summary_large_image","twitter_misc":{"Dur\u00e9e de lecture estim\u00e9e":"3 minutes"},"schema":{"@context":"https:\/\/schema.org","@graph":[{"@type":"WebPage","@id":"https:\/\/city.refin.com\/fr\/certificazioni\/","url":"https:\/\/city.refin.com\/fr\/certificazioni\/","name":"Certifications - city.refin.com","isPartOf":{"@id":"https:\/\/city.refin.com\/fr\/#website"},"primaryImageOfPage":{"@id":"https:\/\/city.refin.com\/fr\/certificazioni\/#primaryimage"},"image":{"@id":"https:\/\/city.refin.com\/fr\/certificazioni\/#primaryimage"},"thumbnailUrl":"https:\/\/www.refin.it\/files\/2010\/05\/ico_iso9001.gif","datePublished":"2025-04-23T16:46:31+00:00","dateModified":"2026-02-24T17:09:20+00:00","breadcrumb":{"@id":"https:\/\/city.refin.com\/fr\/certificazioni\/#breadcrumb"},"inLanguage":"fr-FR","potentialAction":[{"@type":"ReadAction","target":["https:\/\/city.refin.com\/fr\/certificazioni\/"]}]},{"@type":"ImageObject","inLanguage":"fr-FR","@id":"https:\/\/city.refin.com\/fr\/certificazioni\/#primaryimage","url":"https:\/\/www.refin.it\/files\/2010\/05\/ico_iso9001.gif","contentUrl":"https:\/\/www.refin.it\/files\/2010\/05\/ico_iso9001.gif"},{"@type":"BreadcrumbList","@id":"https:\/\/city.refin.com\/fr\/certificazioni\/#breadcrumb","itemListElement":[{"@type":"ListItem","position":1,"name":"Home","item":"https:\/\/city.refin.com\/fr\/city-refin\/"},{"@type":"ListItem","position":2,"name":"Certifications"}]},{"@type":"WebSite","@id":"https:\/\/city.refin.com\/fr\/#website","url":"https:\/\/city.refin.com\/fr\/","name":"city.refin.com","description":"","potentialAction":[{"@type":"SearchAction","target":{"@type":"EntryPoint","urlTemplate":"https:\/\/city.refin.com\/fr\/?s={search_term_string}"},"query-input":{"@type":"PropertyValueSpecification","valueRequired":true,"valueName":"search_term_string"}}],"inLanguage":"fr-FR"}]}},"_links":{"self":[{"href":"https:\/\/city.refin.com\/fr\/wp-json\/wp\/v2\/pages\/296","targetHints":{"allow":["GET"]}}],"collection":[{"href":"https:\/\/city.refin.com\/fr\/wp-json\/wp\/v2\/pages"}],"about":[{"href":"https:\/\/city.refin.com\/fr\/wp-json\/wp\/v2\/types\/page"}],"author":[{"embeddable":true,"href":"https:\/\/city.refin.com\/fr\/wp-json\/wp\/v2\/users\/1"}],"replies":[{"embeddable":true,"href":"https:\/\/city.refin.com\/fr\/wp-json\/wp\/v2\/comments?post=296"}],"version-history":[{"count":16,"href":"https:\/\/city.refin.com\/fr\/wp-json\/wp\/v2\/pages\/296\/revisions"}],"predecessor-version":[{"id":412,"href":"https:\/\/city.refin.com\/fr\/wp-json\/wp\/v2\/pages\/296\/revisions\/412"}],"wp:attachment":[{"href":"https:\/\/city.refin.com\/fr\/wp-json\/wp\/v2\/media?parent=296"}],"wp:term":[{"taxonomy":"post_tag","embeddable":true,"href":"https:\/\/city.refin.com\/fr\/wp-json\/wp\/v2\/tags?post=296"}],"curies":[{"name":"wp","href":"https:\/\/api.w.org\/{rel}","templated":true}]}}