{"id":252,"date":"2025-04-28T11:48:15","date_gmt":"2025-04-28T09:48:15","guid":{"rendered":"https:\/\/city.refin.com\/collections\/beton\/"},"modified":"2025-06-13T17:21:15","modified_gmt":"2025-06-13T15:21:15","slug":"concrete","status":"publish","type":"page","link":"https:\/\/city.refin.com\/fr\/collections\/concrete\/","title":{"rendered":"B\u00e9ton"},"content":{"rendered":"","protected":false},"excerpt":{"rendered":"","protected":false},"author":1,"featured_media":212,"parent":95,"menu_order":0,"comment_status":"closed","ping_status":"closed","template":"templates\/collezione_b.php","meta":{"_acf_changed":false,"footnotes":""},"tags":[],"class_list":["post-252","page","type-page","status-publish","has-post-thumbnail","hentry"],"acf":[],"yoast_head":"<!-- This site is optimized with the Yoast SEO plugin v26.3 - https:\/\/yoast.com\/wordpress\/plugins\/seo\/ -->\n<title>Concrete - Carrelage imitation b\u00e9ton<\/title>\n<meta name=\"description\" content=\"D\u00e9couvrez Concrete, la collection de gr\u00e8s c\u00e9rame effet ciment de City pour l&#039;ext\u00e9rieur.\" \/>\n<meta name=\"robots\" content=\"index, follow, max-snippet:-1, max-image-preview:large, max-video-preview:-1\" \/>\n<link rel=\"canonical\" href=\"https:\/\/city.refin.com\/fr\/collections\/concrete\/\" \/>\n<meta property=\"og:locale\" content=\"fr_FR\" \/>\n<meta property=\"og:type\" content=\"article\" \/>\n<meta property=\"og:title\" content=\"Concrete - Carrelage imitation b\u00e9ton\" \/>\n<meta property=\"og:description\" content=\"D\u00e9couvrez Concrete, la collection de gr\u00e8s c\u00e9rame effet ciment de City pour l&#039;ext\u00e9rieur.\" \/>\n<meta property=\"og:url\" content=\"https:\/\/city.refin.com\/fr\/collections\/concrete\/\" \/>\n<meta property=\"og:site_name\" content=\"city.refin.com\" \/>\n<meta property=\"article:modified_time\" content=\"2025-06-13T15:21:15+00:00\" \/>\n<meta property=\"og:image\" content=\"https:\/\/city.refin.com\/wp-content\/uploads\/2025\/04\/City_Concrete_Dark_OUT2.0_370x370.jpg\" \/>\n\t<meta property=\"og:image:width\" content=\"370\" \/>\n\t<meta property=\"og:image:height\" content=\"370\" \/>\n\t<meta property=\"og:image:type\" content=\"image\/jpeg\" \/>\n<meta name=\"twitter:card\" content=\"summary_large_image\" \/>\n<meta name=\"twitter:label1\" content=\"Dur\u00e9e de lecture estim\u00e9e\" \/>\n\t<meta name=\"twitter:data1\" content=\"1 minute\" \/>\n<script type=\"application\/ld+json\" class=\"yoast-schema-graph\">{\"@context\":\"https:\/\/schema.org\",\"@graph\":[{\"@type\":\"WebPage\",\"@id\":\"https:\/\/city.refin.com\/fr\/collections\/concrete\/\",\"url\":\"https:\/\/city.refin.com\/fr\/collections\/concrete\/\",\"name\":\"Concrete - Carrelage imitation b\u00e9ton\",\"isPartOf\":{\"@id\":\"https:\/\/city.refin.com\/fr\/#website\"},\"primaryImageOfPage\":{\"@id\":\"https:\/\/city.refin.com\/fr\/collections\/concrete\/#primaryimage\"},\"image\":{\"@id\":\"https:\/\/city.refin.com\/fr\/collections\/concrete\/#primaryimage\"},\"thumbnailUrl\":\"https:\/\/city.refin.com\/wp-content\/uploads\/2025\/04\/City_Concrete_Dark_OUT2.0_370x370.jpg\",\"datePublished\":\"2025-04-28T09:48:15+00:00\",\"dateModified\":\"2025-06-13T15:21:15+00:00\",\"description\":\"D\u00e9couvrez Concrete, la collection de gr\u00e8s c\u00e9rame effet ciment de City pour l'ext\u00e9rieur.\",\"breadcrumb\":{\"@id\":\"https:\/\/city.refin.com\/fr\/collections\/concrete\/#breadcrumb\"},\"inLanguage\":\"fr-FR\",\"potentialAction\":[{\"@type\":\"ReadAction\",\"target\":[\"https:\/\/city.refin.com\/fr\/collections\/concrete\/\"]}]},{\"@type\":\"ImageObject\",\"inLanguage\":\"fr-FR\",\"@id\":\"https:\/\/city.refin.com\/fr\/collections\/concrete\/#primaryimage\",\"url\":\"https:\/\/city.refin.com\/wp-content\/uploads\/2025\/04\/City_Concrete_Dark_OUT2.0_370x370.jpg\",\"contentUrl\":\"https:\/\/city.refin.com\/wp-content\/uploads\/2025\/04\/City_Concrete_Dark_OUT2.0_370x370.jpg\",\"width\":370,\"height\":370,\"caption\":\"Stefano_Mazzoli_fotografo\"},{\"@type\":\"BreadcrumbList\",\"@id\":\"https:\/\/city.refin.com\/fr\/collections\/concrete\/#breadcrumb\",\"itemListElement\":[{\"@type\":\"ListItem\",\"position\":1,\"name\":\"Home\",\"item\":\"https:\/\/city.refin.com\/fr\/city-refin\/\"},{\"@type\":\"ListItem\",\"position\":2,\"name\":\"Collections\",\"item\":\"https:\/\/city.refin.com\/fr\/collections\/\"},{\"@type\":\"ListItem\",\"position\":3,\"name\":\"B\u00e9ton\"}]},{\"@type\":\"WebSite\",\"@id\":\"https:\/\/city.refin.com\/fr\/#website\",\"url\":\"https:\/\/city.refin.com\/fr\/\",\"name\":\"city.refin.com\",\"description\":\"\",\"potentialAction\":[{\"@type\":\"SearchAction\",\"target\":{\"@type\":\"EntryPoint\",\"urlTemplate\":\"https:\/\/city.refin.com\/fr\/?s={search_term_string}\"},\"query-input\":{\"@type\":\"PropertyValueSpecification\",\"valueRequired\":true,\"valueName\":\"search_term_string\"}}],\"inLanguage\":\"fr-FR\"}]}<\/script>\n<!-- \/ Yoast SEO plugin. -->","yoast_head_json":{"title":"Concrete - Carrelage imitation b\u00e9ton","description":"D\u00e9couvrez Concrete, la collection de gr\u00e8s c\u00e9rame effet ciment de City pour l'ext\u00e9rieur.","robots":{"index":"index","follow":"follow","max-snippet":"max-snippet:-1","max-image-preview":"max-image-preview:large","max-video-preview":"max-video-preview:-1"},"canonical":"https:\/\/city.refin.com\/fr\/collections\/concrete\/","og_locale":"fr_FR","og_type":"article","og_title":"Concrete - Carrelage imitation b\u00e9ton","og_description":"D\u00e9couvrez Concrete, la collection de gr\u00e8s c\u00e9rame effet ciment de City pour l'ext\u00e9rieur.","og_url":"https:\/\/city.refin.com\/fr\/collections\/concrete\/","og_site_name":"city.refin.com","article_modified_time":"2025-06-13T15:21:15+00:00","og_image":[{"width":370,"height":370,"url":"https:\/\/city.refin.com\/wp-content\/uploads\/2025\/04\/City_Concrete_Dark_OUT2.0_370x370.jpg","type":"image\/jpeg"}],"twitter_card":"summary_large_image","twitter_misc":{"Dur\u00e9e de lecture estim\u00e9e":"1 minute"},"schema":{"@context":"https:\/\/schema.org","@graph":[{"@type":"WebPage","@id":"https:\/\/city.refin.com\/fr\/collections\/concrete\/","url":"https:\/\/city.refin.com\/fr\/collections\/concrete\/","name":"Concrete - Carrelage imitation b\u00e9ton","isPartOf":{"@id":"https:\/\/city.refin.com\/fr\/#website"},"primaryImageOfPage":{"@id":"https:\/\/city.refin.com\/fr\/collections\/concrete\/#primaryimage"},"image":{"@id":"https:\/\/city.refin.com\/fr\/collections\/concrete\/#primaryimage"},"thumbnailUrl":"https:\/\/city.refin.com\/wp-content\/uploads\/2025\/04\/City_Concrete_Dark_OUT2.0_370x370.jpg","datePublished":"2025-04-28T09:48:15+00:00","dateModified":"2025-06-13T15:21:15+00:00","description":"D\u00e9couvrez Concrete, la collection de gr\u00e8s c\u00e9rame effet ciment de City pour l'ext\u00e9rieur.","breadcrumb":{"@id":"https:\/\/city.refin.com\/fr\/collections\/concrete\/#breadcrumb"},"inLanguage":"fr-FR","potentialAction":[{"@type":"ReadAction","target":["https:\/\/city.refin.com\/fr\/collections\/concrete\/"]}]},{"@type":"ImageObject","inLanguage":"fr-FR","@id":"https:\/\/city.refin.com\/fr\/collections\/concrete\/#primaryimage","url":"https:\/\/city.refin.com\/wp-content\/uploads\/2025\/04\/City_Concrete_Dark_OUT2.0_370x370.jpg","contentUrl":"https:\/\/city.refin.com\/wp-content\/uploads\/2025\/04\/City_Concrete_Dark_OUT2.0_370x370.jpg","width":370,"height":370,"caption":"Stefano_Mazzoli_fotografo"},{"@type":"BreadcrumbList","@id":"https:\/\/city.refin.com\/fr\/collections\/concrete\/#breadcrumb","itemListElement":[{"@type":"ListItem","position":1,"name":"Home","item":"https:\/\/city.refin.com\/fr\/city-refin\/"},{"@type":"ListItem","position":2,"name":"Collections","item":"https:\/\/city.refin.com\/fr\/collections\/"},{"@type":"ListItem","position":3,"name":"B\u00e9ton"}]},{"@type":"WebSite","@id":"https:\/\/city.refin.com\/fr\/#website","url":"https:\/\/city.refin.com\/fr\/","name":"city.refin.com","description":"","potentialAction":[{"@type":"SearchAction","target":{"@type":"EntryPoint","urlTemplate":"https:\/\/city.refin.com\/fr\/?s={search_term_string}"},"query-input":{"@type":"PropertyValueSpecification","valueRequired":true,"valueName":"search_term_string"}}],"inLanguage":"fr-FR"}]}},"_links":{"self":[{"href":"https:\/\/city.refin.com\/fr\/wp-json\/wp\/v2\/pages\/252","targetHints":{"allow":["GET"]}}],"collection":[{"href":"https:\/\/city.refin.com\/fr\/wp-json\/wp\/v2\/pages"}],"about":[{"href":"https:\/\/city.refin.com\/fr\/wp-json\/wp\/v2\/types\/page"}],"author":[{"embeddable":true,"href":"https:\/\/city.refin.com\/fr\/wp-json\/wp\/v2\/users\/1"}],"replies":[{"embeddable":true,"href":"https:\/\/city.refin.com\/fr\/wp-json\/wp\/v2\/comments?post=252"}],"version-history":[{"count":2,"href":"https:\/\/city.refin.com\/fr\/wp-json\/wp\/v2\/pages\/252\/revisions"}],"predecessor-version":[{"id":342,"href":"https:\/\/city.refin.com\/fr\/wp-json\/wp\/v2\/pages\/252\/revisions\/342"}],"up":[{"embeddable":true,"href":"https:\/\/city.refin.com\/fr\/wp-json\/wp\/v2\/pages\/95"}],"wp:featuredmedia":[{"embeddable":true,"href":"https:\/\/city.refin.com\/fr\/wp-json\/wp\/v2\/media\/212"}],"wp:attachment":[{"href":"https:\/\/city.refin.com\/fr\/wp-json\/wp\/v2\/media?parent=252"}],"wp:term":[{"taxonomy":"post_tag","embeddable":true,"href":"https:\/\/city.refin.com\/fr\/wp-json\/wp\/v2\/tags?post=252"}],"curies":[{"name":"wp","href":"https:\/\/api.w.org\/{rel}","templated":true}]}}